{"id":2,"date":"2023-06-12T07:18:31","date_gmt":"2023-06-12T07:18:31","guid":{"rendered":"http:\/\/lwna.cat\/?page_id=2"},"modified":"2023-07-08T14:07:39","modified_gmt":"2023-07-08T14:07:39","slug":"pagina-ejemplo","status":"publish","type":"page","link":"https:\/\/lwna.cat\/index.php\/pagina-ejemplo\/","title":{"rendered":"\ub8e8\ub098 \uc785\ub2c8\ub2e4"},"content":{"rendered":"\n<p>\u00a1Bienvenid@! <br><br>Soy Lwna, una amante de los dramas coreanos, chinos y japoneses, a la que le encanta la m\u00fasica que proviene de estos pa\u00edses y a la que tambi\u00e9n le gustan los gatos \ud83d\udc08\u200d\u2b1b y el s\u00edmbolo lunar \ud83c\udf19<br><\/p>\n\n\n\n<p>Vivo en mi casa, decorada a mi parecer con muy buen gusto. Y me dedico a ense\u00f1ar cosas, aunque tambi\u00e9n estuve al otro lado aprendiendo coreano y japon\u00e9s.<\/p>\n","protected":false},"excerpt":{"rendered":"<p>\u00a1Bienvenid@! Soy Lwna, una amante de los dramas coreanos, chinos y japoneses, a la que le encanta la m\u00fasica que proviene de estos pa\u00edses y a la que tambi\u00e9n le gustan los gatos \ud83d\udc08\u200d\u2b1b y el s\u00edmbolo lunar \ud83c\udf19 Vivo en mi casa, decorada a mi parecer con muy buen gusto. Y me dedico a [&hellip;]<\/p>\n","protected":false},"author":1,"featured_media":0,"parent":0,"menu_order":0,"comment_status":"closed","ping_status":"open","template":"","meta":{"footnotes":""},"class_list":["post-2","page","type-page","status-publish","hentry"],"_links":{"self":[{"href":"https:\/\/lwna.cat\/index.php\/wp-json\/wp\/v2\/pages\/2","targetHints":{"allow":["GET"]}}],"collection":[{"href":"https:\/\/lwna.cat\/index.php\/wp-json\/wp\/v2\/pages"}],"about":[{"href":"https:\/\/lwna.cat\/index.php\/wp-json\/wp\/v2\/types\/page"}],"author":[{"embeddable":true,"href":"https:\/\/lwna.cat\/index.php\/wp-json\/wp\/v2\/users\/1"}],"replies":[{"embeddable":true,"href":"https:\/\/lwna.cat\/index.php\/wp-json\/wp\/v2\/comments?post=2"}],"version-history":[{"count":1,"href":"https:\/\/lwna.cat\/index.php\/wp-json\/wp\/v2\/pages\/2\/revisions"}],"predecessor-version":[{"id":10,"href":"https:\/\/lwna.cat\/index.php\/wp-json\/wp\/v2\/pages\/2\/revisions\/10"}],"wp:attachment":[{"href":"https:\/\/lwna.cat\/index.php\/wp-json\/wp\/v2\/media?parent=2"}],"curies":[{"name":"wp","href":"https:\/\/api.w.org\/{rel}","templated":true}]}}